{"id":6150,"date":"2023-10-20T13:10:30","date_gmt":"2023-10-20T11:10:30","guid":{"rendered":"https:\/\/themes.getmotopress.com\/prime\/?page_id=47"},"modified":"2025-12-14T13:13:50","modified_gmt":"2025-12-14T12:13:50","slug":"blog","status":"publish","type":"page","link":"https:\/\/yogavoice.studio\/es\/blog\/","title":{"rendered":"Blog"},"content":{"rendered":"<style>#gspb_row-id-gsbp-09fc425{justify-content:space-between;margin-top:0px;margin-bottom:0px;display:flex;flex-wrap:wrap;}#gspb_row-id-gsbp-09fc425 > .gspb_row__content{display:flex;justify-content:space-between;margin:0 auto;width:100%;flex-wrap:wrap;}.gspb_row{position:relative;}div[id^=gspb_col-id]{box-sizing:border-box;position:relative;}div[id^=gspb_col-id]{padding:var(--gs-row-column-padding,15px min(3vw,20px));}body.gspb-bodyfront #gspb_row-id-gsbp-09fc425 > .gspb_row__content{max-width:var(--wp--style--global--wide-size,1200px);}<\/style>\n<section class=\"wp-block-greenshift-blocks-row alignfull gspb_row gspb_row-id-gsbp-09fc425\" id=\"gspb_row-id-gsbp-09fc425\"><div class=\"gspb_row__content\"> <style>#gspb_col-id-gsbp-14f13d1.gspb_row__col--12{width:100%;}@media (max-width:575.98px){#gspb_col-id-gsbp-14f13d1.gspb_row__col--12{width:100%;}}<\/style>\n<div class=\"wp-block-greenshift-blocks-row-column gspb_row__col--12 gspb_col-id-gsbp-14f13d1\" id=\"gspb_col-id-gsbp-14f13d1\">\n<main class=\"wp-block-group alignfull has-global-padding is-layout-constrained wp-container-core-group-is-layout-9e7f9a98 wp-block-group-is-layout-constrained\" style=\"margin-top:0;margin-bottom:0;padding-top:var(--wp--preset--spacing--30);padding-right:0;padding-bottom:var(--wp--preset--spacing--30);padding-left:0\">\n<div class=\"wp-block-query alignwide is-style-default is-layout-flow wp-block-query-is-layout-flow\"><ul class=\"columns-2 wp-block-post-template is-layout-grid wp-container-core-post-template-is-layout-02493678 wp-block-post-template-is-layout-grid\"><li class=\"wp-block-post post-7714 post type-post status-publish format-standard has-post-thumbnail hentry category-canto-holistico\">\n\n<div class=\"wp-block-group is-layout-flow wp-container-core-group-is-layout-e38e6d2d wp-block-group-is-layout-flow\"><figure style=\"height:278px;\" class=\"wp-block-post-featured-image\"><img loading=\"lazy\" decoding=\"async\" width=\"768\" height=\"450\" src=\"https:\/\/yogavoice.studio\/wp-content\/uploads\/2025\/08\/meditating-woman.webp\" class=\"attachment-post-thumbnail size-post-thumbnail wp-post-image\" alt=\"Una mujer meditando para liberar la tensi\u00f3n vocal.\" style=\"border-radius:12px;height:278px;object-fit:cover;\" srcset=\"https:\/\/yogavoice.studio\/wp-content\/uploads\/2025\/08\/meditating-woman.webp 768w, https:\/\/yogavoice.studio\/wp-content\/uploads\/2025\/08\/meditating-woman-300x176.webp 300w, https:\/\/yogavoice.studio\/wp-content\/uploads\/2025\/08\/meditating-woman-600x352.webp 600w\" sizes=\"auto, (max-width: 768px) 100vw, 768px\" \/><\/figure>\n\n<div style=\"font-style:normal;font-weight:600\" class=\"taxonomy-category has-link-color is-style-greenshift-tags-nounder wp-elements-62aed0357decc2ca6bf133fdc902cf87 wp-block-post-terms has-xsmall-font-size\"><a href=\"https:\/\/yogavoice.studio\/es\/canto-holistico\/\" rel=\"tag\">Canto Hol\u00edstico<\/a><\/div><style>.is-style-greenshift-tags-nounder.wp-block-post-terms a{text-decoration: none;display:inline;background-repeat:no-repeat;background-image:linear-gradient(transparent calc(100% - 1px),currentColor 1px);transition:.7s var(--greenshift-transition);background-size:0 95%;}.is-style-greenshift-tags-nounder.wp-block-post-terms a:hover{background-size:100% 95%}<\/style>\n\n<h2 style=\"line-height:1.4;\" class=\"wp-block-post-title has-big-font-size\"><a href=\"https:\/\/yogavoice.studio\/es\/como-liberar-la-tension-vocal-con-meditacion\/\" target=\"_self\" >Sentirse Escuchado No Deber\u00eda Doler: Libera la Tensi\u00f3n Vocal con Meditaci\u00f3n<\/a><\/h2>\n\n<div class=\"is-style-text-clamp-two wp-block-post-excerpt\"><p class=\"wp-block-post-excerpt__excerpt\">\u00bfSientes la voz tensa, forzada o cansada? Descubre 3 poderosos ejercicios de meditaci\u00f3n y respiraci\u00f3n para liberar la tensi\u00f3n vocal, calmar los nervios y desbloquear tu voz aut\u00e9ntica. <\/p><\/div><style>.is-style-text-clamp-two p, .wp-block-post-title.is-style-text-clamp-two{display: -webkit-box;-webkit-line-clamp: 2;-webkit-box-orient: vertical;  overflow: hidden; margin:0}<\/style>\n\n\n<div class=\"wp-block-group is-layout-flex wp-container-core-group-is-layout-1c9be1a5 wp-block-group-is-layout-flex\"><div style=\"font-style:normal;font-weight:700;\" class=\"wp-block-post-author has-xsmall-font-size\"><div class=\"wp-block-post-author__content\"><p class=\"wp-block-post-author__name\">Lars Isdahl<\/p><\/div><\/div>\n\n\n<p class=\"has-lightgrey-color has-text-color has-xsmall-font-size\">\/<\/p>\n\n\n<div class=\"wp-block-post-date has-text-color has-lightgrey-color has-xsmall-font-size\"><time datetime=\"2025-08-15T20:23:46+02:00\">2025-08-15<\/time><\/div><\/div>\n<\/div>\n\n<\/li><li class=\"wp-block-post post-6009 post type-post status-publish format-standard has-post-thumbnail hentry category-canto-holistico\">\n\n<div class=\"wp-block-group is-layout-flow wp-container-core-group-is-layout-e38e6d2d wp-block-group-is-layout-flow\"><figure style=\"height:278px;\" class=\"wp-block-post-featured-image\"><img loading=\"lazy\" decoding=\"async\" width=\"1600\" height=\"1067\" src=\"https:\/\/yogavoice.studio\/wp-content\/uploads\/2025\/07\/hvhfqhdyciu.webp\" class=\"attachment-post-thumbnail size-post-thumbnail wp-post-image\" alt=\"Classes de cant a Barcelona\" style=\"border-radius:12px;height:278px;object-fit:cover;\" srcset=\"https:\/\/yogavoice.studio\/wp-content\/uploads\/2025\/07\/hvhfqhdyciu.webp 1600w, https:\/\/yogavoice.studio\/wp-content\/uploads\/2025\/07\/hvhfqhdyciu-600x400.webp 600w, https:\/\/yogavoice.studio\/wp-content\/uploads\/2025\/07\/hvhfqhdyciu-300x200.webp 300w, https:\/\/yogavoice.studio\/wp-content\/uploads\/2025\/07\/hvhfqhdyciu-768x512.webp 768w, https:\/\/yogavoice.studio\/wp-content\/uploads\/2025\/07\/hvhfqhdyciu-1024x683.webp 1024w, https:\/\/yogavoice.studio\/wp-content\/uploads\/2025\/07\/hvhfqhdyciu-1536x1024.webp 1536w, https:\/\/yogavoice.studio\/wp-content\/uploads\/2025\/07\/hvhfqhdyciu-18x12.webp 18w\" sizes=\"auto, (max-width: 1600px) 100vw, 1600px\" \/><\/figure>\n\n<div style=\"font-style:normal;font-weight:600\" class=\"taxonomy-category has-link-color is-style-greenshift-tags-nounder wp-elements-62aed0357decc2ca6bf133fdc902cf87 wp-block-post-terms has-xsmall-font-size\"><a href=\"https:\/\/yogavoice.studio\/es\/canto-holistico\/\" rel=\"tag\">Canto Hol\u00edstico<\/a><\/div><style>.is-style-greenshift-tags-nounder.wp-block-post-terms a{text-decoration: none;display:inline;background-repeat:no-repeat;background-image:linear-gradient(transparent calc(100% - 1px),currentColor 1px);transition:.7s var(--greenshift-transition);background-size:0 95%;}.is-style-greenshift-tags-nounder.wp-block-post-terms a:hover{background-size:100% 95%}<\/style>\n\n<h2 style=\"line-height:1.4;\" class=\"wp-block-post-title has-big-font-size\"><a href=\"https:\/\/yogavoice.studio\/es\/clases-de-canto-en-barcelona\/\" target=\"_self\" >Clases de canto en Barcelona<\/a><\/h2>\n\n<div class=\"is-style-text-clamp-two wp-block-post-excerpt\"><p class=\"wp-block-post-excerpt__excerpt\">El Verdadero Villano No Son Tus Cuerdas Vocales (Es la Tensi\u00f3n y el Miedo) Durante a\u00f1os, nos han dicho: \u00ab\u00a1canta desde el diafragma!\u00bb. Este enfoque trata tu voz como algo que debe ser forzado. El verdadero villano, el mat\u00f3n silencioso que mantiene tu voz cautiva, es la Tensi\u00f3n. Es la tensi\u00f3n en tu mand\u00edbula por&hellip; <\/p><\/div><style>.is-style-text-clamp-two p, .wp-block-post-title.is-style-text-clamp-two{display: -webkit-box;-webkit-line-clamp: 2;-webkit-box-orient: vertical;  overflow: hidden; margin:0}<\/style>\n\n\n<div class=\"wp-block-group is-layout-flex wp-container-core-group-is-layout-1c9be1a5 wp-block-group-is-layout-flex\"><div style=\"font-style:normal;font-weight:700;\" class=\"wp-block-post-author has-xsmall-font-size\"><div class=\"wp-block-post-author__content\"><p class=\"wp-block-post-author__name\">Lars Isdahl<\/p><\/div><\/div>\n\n\n<p class=\"has-lightgrey-color has-text-color has-xsmall-font-size\">\/<\/p>\n\n\n<div class=\"wp-block-post-date has-text-color has-lightgrey-color has-xsmall-font-size\"><time datetime=\"2025-07-19T20:04:03+02:00\">2025-07-19<\/time><\/div><\/div>\n<\/div>\n\n<\/li><li class=\"wp-block-post post-8326 post type-post status-publish format-standard has-post-thumbnail hentry category-holistic-singing\">\n\n<div class=\"wp-block-group is-layout-flow wp-container-core-group-is-layout-e38e6d2d wp-block-group-is-layout-flow\"><figure style=\"height:278px;\" class=\"wp-block-post-featured-image\"><img loading=\"lazy\" decoding=\"async\" width=\"2500\" height=\"2200\" src=\"https:\/\/yogavoice.studio\/wp-content\/uploads\/2025\/02\/blausen-0872-upperrespiratorysystem-png.webp\" class=\"attachment-post-thumbnail size-post-thumbnail wp-post-image\" alt=\"The soft palate\" style=\"border-radius:12px;height:278px;object-fit:cover;\" srcset=\"https:\/\/yogavoice.studio\/wp-content\/uploads\/2025\/02\/blausen-0872-upperrespiratorysystem-png.webp 2500w, https:\/\/yogavoice.studio\/wp-content\/uploads\/2025\/02\/blausen-0872-upperrespiratorysystem-png-600x528.webp 600w, https:\/\/yogavoice.studio\/wp-content\/uploads\/2025\/02\/blausen-0872-upperrespiratorysystem-300x264.webp 300w, https:\/\/yogavoice.studio\/wp-content\/uploads\/2025\/02\/blausen-0872-upperrespiratorysystem-768x676.webp 768w, https:\/\/yogavoice.studio\/wp-content\/uploads\/2025\/02\/blausen-0872-upperrespiratorysystem-1024x901.webp 1024w, https:\/\/yogavoice.studio\/wp-content\/uploads\/2025\/02\/blausen-0872-upperrespiratorysystem-1536x1352.webp 1536w, https:\/\/yogavoice.studio\/wp-content\/uploads\/2025\/02\/blausen-0872-upperrespiratorysystem-2048x1802.webp 2048w, https:\/\/yogavoice.studio\/wp-content\/uploads\/2025\/02\/blausen-0872-upperrespiratorysystem-14x12.webp 14w\" sizes=\"auto, (max-width: 2500px) 100vw, 2500px\" \/><\/figure>\n\n<div style=\"font-style:normal;font-weight:600\" class=\"taxonomy-category has-link-color is-style-greenshift-tags-nounder wp-elements-62aed0357decc2ca6bf133fdc902cf87 wp-block-post-terms has-xsmall-font-size\"><a href=\"https:\/\/yogavoice.studio\/holistic-singing\/\" rel=\"tag\">Holistic Singing<\/a><\/div><style>.is-style-greenshift-tags-nounder.wp-block-post-terms a{text-decoration: none;display:inline;background-repeat:no-repeat;background-image:linear-gradient(transparent calc(100% - 1px),currentColor 1px);transition:.7s var(--greenshift-transition);background-size:0 95%;}.is-style-greenshift-tags-nounder.wp-block-post-terms a:hover{background-size:100% 95%}<\/style>\n\n<h2 style=\"line-height:1.4;\" class=\"wp-block-post-title has-big-font-size\"><a href=\"https:\/\/yogavoice.studio\/es\/domina-el-paladar-blando-para-una-voz-libre\/\" target=\"_self\" >El Secreto de la Resonancia: Domina el Paladar Blando para una Voz Libre<\/a><\/h2>\n\n<div class=\"is-style-text-clamp-two wp-block-post-excerpt\"><p class=\"wp-block-post-excerpt__excerpt\">El paladar blando, un m\u00fasculo flexible situado en la parte posterior del techo de la boca, es clave para alcanzar la libertad vocal. Funciona como un regulador del aire, dirigiendo el flujo para dar forma al tono de la voz, mejorar la resonancia y la claridad, adem\u00e1s de evitar una nasalidad no deseada. Para los&hellip; <\/p><\/div><style>.is-style-text-clamp-two p, .wp-block-post-title.is-style-text-clamp-two{display: -webkit-box;-webkit-line-clamp: 2;-webkit-box-orient: vertical;  overflow: hidden; margin:0}<\/style>\n\n\n<div class=\"wp-block-group is-layout-flex wp-container-core-group-is-layout-1c9be1a5 wp-block-group-is-layout-flex\"><div style=\"font-style:normal;font-weight:700;\" class=\"wp-block-post-author has-xsmall-font-size\"><div class=\"wp-block-post-author__content\"><p class=\"wp-block-post-author__name\">Lars Isdahl<\/p><\/div><\/div>\n\n\n<p class=\"has-lightgrey-color has-text-color has-xsmall-font-size\">\/<\/p>\n\n\n<div class=\"wp-block-post-date has-text-color has-lightgrey-color has-xsmall-font-size\"><time datetime=\"2025-02-06T14:06:36+01:00\">2025-02-06<\/time><\/div><\/div>\n<\/div>\n\n<\/li><\/ul>\n\n\n<div style=\"height:30px\" aria-hidden=\"true\" class=\"wp-block-spacer\"><\/div>\n\n\n<\/div>\n<\/main>\n<\/div>\n <\/div><\/section>\n<style><\/style><style><\/style>\n<div class=\"wp-block-group alignfull has-custom-silo-2-teal-background-color has-background has-global-padding is-layout-constrained wp-container-core-group-is-layout-b6028ff3 wp-block-group-is-layout-constrained\" style=\"margin-top:0;margin-bottom:0;padding-top:100px;padding-right:30px;padding-bottom:100px;padding-left:30px\">\n<h2 class=\"wp-block-heading has-text-align-center has-text-color has-playfair-display-font-family\" id=\"stop-letting-tension-dictate-your-sound\" style=\"color:#ffffff;font-size:3rem;font-style:normal;font-weight:700\">Deja de permitir que la tensi\u00f3n dicte tu sonido.<\/h2>\n\n\n\n<p class=\"has-text-align-center has-text-color\" style=\"color:#e3ecef;margin-top:20px;margin-bottom:40px;font-size:1.2rem;line-height:1.6\">Ya sea que cantes un aria o presentes ante la junta, la f\u00edsica de una voz potente es la misma. Recupera tu instrumento hoy.<\/p>\n\n\n\n<div class=\"wp-block-group is-content-justification-center is-layout-flex wp-container-core-group-is-layout-b02886af wp-block-group-is-layout-flex\"><style>#gspb_button-id-gsbp-d4986f6{display:flex;justify-content:flex-start;}#gspb_button-id-gsbp-d4986f6 .gspb-buttonbox-text{display:flex;flex-direction:column;}#gspb_button-id-gsbp-d4986f6 > .gspb-buttonbox{box-sizing:border-box}#gspb_button-id-gsbp-d4986f6 > .gspb-buttonbox{margin-bottom:0px;}#gspb_button-id-gsbp-d4986f6 > .gspb-buttonbox{background-color:#c07f68;}#gspb_button-id-gsbp-d4986f6 > .gspb-buttonbox,#gspb_button-id-gsbp-d4986f6 > .gspb-buttonbox a{text-decoration:none;}#gspb_button-id-gsbp-d4986f6 > .gspb-buttonbox{color:#ffffff;}#gspb_button-id-gsbp-d4986f6 > .gspb-buttonbox{border-top-left-radius:0.375rem;border-top-right-radius:0.375rem;border-bottom-right-radius:0.375rem;border-bottom-left-radius:0.375rem;}#gspb_button-id-gsbp-d4986f6 > .gspb-buttonbox > .gspb_backgroundOverlay{border-top-left-radius:0.375rem;border-top-right-radius:0.375rem;border-bottom-right-radius:0.375rem;border-bottom-left-radius:0.375rem;}#gspb_button-id-gsbp-d4986f6 > .gspb-buttonbox{box-shadow:0px 1px 3px 0px #00000005;}#gspb_button-id-gsbp-d4986f6 > .gspb-buttonbox:hover{box-shadow:0px 4px 12px 0px #0000001a;}#gspb_button-id-gsbp-d4986f6 > .gspb-buttonbox{transition:all 0.2s cubic-bezier(0.42,0,0.58,1);}#gspb_button-id-gsbp-d4986f6 > .gspb-buttonbox .gspb-buttonbox-icon svg,#gspb_button-id-gsbp-d4986f6 > .gspb-buttonbox .gspb-buttonbox-icon svg path{transition:all 0.2s cubic-bezier(0.42,0,0.58,1);}#gspb_button-id-gsbp-d4986f6 > .gspb-buttonbox:hover{transform:translateY(0px) scale(1.05);}.active #gspb_button-id-gsbp-d4986f6 > .gspb-buttonbox,#gspb_button-id-gsbp-d4986f6 > .gspb-buttonbox:active{transform:translateY(2px);}<\/style>\n<div class=\"gspb_button_wrapper gspb_button-id-gsbp-d4986f6\" id=\"gspb_button-id-gsbp-d4986f6\"><a class=\"wp-block-greenshift-blocks-buttonbox gspb-buttonbox wp-element-button\" href=\"holistic-singing-lessons\" rel=\"noopener\"><span class=\"gspb-buttonbox-textwrap\"><span class=\"gspb-buttonbox-text\"><span class=\"gspb-buttonbox-title\">I WANT TO SING WITH FREEDOM<\/span><\/span><\/span><\/a><\/div>\n\n\n<style>#gspb_button-id-gsbp-21f1180{display:flex;justify-content:flex-start;}#gspb_button-id-gsbp-21f1180 .gspb-buttonbox-text{display:flex;flex-direction:column;}#gspb_button-id-gsbp-21f1180 > .gspb-buttonbox{box-sizing:border-box}#gspb_button-id-gsbp-21f1180 > .gspb-buttonbox{margin-bottom:0px;}#gspb_button-id-gsbp-21f1180 > .gspb-buttonbox{background-color:#3a5a66;}#gspb_button-id-gsbp-21f1180 > .gspb-buttonbox{border-style:solid;border-width:1px;}#gspb_button-id-gsbp-21f1180 > .gspb-buttonbox{box-shadow:0px 1px 3px 0px #00000005;}#gspb_button-id-gsbp-21f1180 > .gspb-buttonbox:hover{box-shadow:0px 4px 12px 0px #0000001a;}#gspb_button-id-gsbp-21f1180 > .gspb-buttonbox{transition:all 0.2s cubic-bezier(0.42,0,0.58,1);}#gspb_button-id-gsbp-21f1180 > .gspb-buttonbox .gspb-buttonbox-icon svg,#gspb_button-id-gsbp-21f1180 > .gspb-buttonbox .gspb-buttonbox-icon svg path{transition:all 0.2s cubic-bezier(0.42,0,0.58,1);}#gspb_button-id-gsbp-21f1180 > .gspb-buttonbox:hover{transform:translateY(0px) scale(1.05);}.active #gspb_button-id-gsbp-21f1180 > .gspb-buttonbox,#gspb_button-id-gsbp-21f1180 > .gspb-buttonbox:active{transform:translateY(2px);}<\/style>\n<div class=\"gspb_button_wrapper gspb_button-id-gsbp-21f1180\" id=\"gspb_button-id-gsbp-21f1180\"><a class=\"wp-block-greenshift-blocks-buttonbox gspb-buttonbox wp-element-button\" href=\"https:\/\/yogavoice.studio\/es\/coaching-de-voz-ejecutiva\/\" rel=\"noopener\"><span class=\"gspb-buttonbox-textwrap\"><span class=\"gspb-buttonbox-text\"><span class=\"gspb-buttonbox-title\">I WANT TO SPEAK WITH AUTHORITY<\/span><\/span><\/span><\/a><\/div>\n<\/div>\n<\/div>\n","protected":false},"excerpt":{"rendered":"","protected":false},"author":1,"featured_media":0,"parent":0,"menu_order":0,"comment_status":"closed","ping_status":"closed","template":"no-title","meta":{"_gspb_post_css":"#gspb_row-id-gsbp-09fc425,#gspb_row-id-gsbp-92436cc{justify-content:space-between;margin-top:0;margin-bottom:0;display:flex;flex-wrap:wrap}#gspb_row-id-gsbp-09fc425>.gspb_row__content{display:flex;justify-content:space-between;margin:0 auto;width:100%;flex-wrap:wrap}.gspb_row{position:relative}div[id^=gspb_col-id]{box-sizing:border-box;position:relative;padding:var(--gs-row-column-padding, 15px min(3vw, 20px))}body.gspb-bodyfront #gspb_row-id-gsbp-09fc425>.gspb_row__content{max-width:var(--wp--style--global--wide-size, 1200px)}#gspb_col-id-gsbp-14f13d1.gspb_row__col--12{width:100%}@media (max-width:575.98px){#gspb_col-id-gsbp-14f13d1.gspb_row__col--12{width:100%}}#gspb_row-id-gsbp-92436cc>.gspb_row__content{display:flex;margin:0 auto;width:100%;flex-wrap:wrap;max-width:1200px;align-items:flex-start;justify-content:flex-end}#gspb_row-id-gsbp-92436cc{align-content:flex-start}@media (max-width:575.98px){#gspb_row-id-gsbp-92436cc{margin-right:-30px;padding-right:0}}#gspb_col-id-gsbp-e6b4f43.gspb_row__col--3{width:25%}@media (max-width:575.98px){#gspb_col-id-gsbp-e6b4f43.gspb_row__col--3{width:16.666666666666668%}}@media (min-width:992px){body.gspb-bodyfront #gspb_col-id-gsbp-e6b4f43.gspb_row__col--3{width:calc(31.7% - 0px - 0px)}}#gspb_col-id-gsbp-12fbbab.gspb_row__col--9{width:75%}@media (max-width:575.98px){#gspb_col-id-gsbp-12fbbab.gspb_row__col--9{width:83.33333333333333%}}@media (min-width:992px){body.gspb-bodyfront #gspb_col-id-gsbp-12fbbab.gspb_row__col--9{width:calc(68.3% - 0px - 0px)}}#gspb_heading-id-gsbp-72474b2{font-size:clamp(2.2rem,4vw,2.8rem);line-height:clamp(2.75rem,4.7vw,3.5rem);text-align:center!important;margin-bottom:0}@media (max-width:575.98px){#gspb_heading-id-gsbp-72474b2{margin-top:0}}.gspb_text-id-gsbp-06e4592{font-size:clamp(1.5rem,1.7vw,2.1rem);line-height:clamp(2rem,2.1vw,2.5rem);margin-top:0!important;margin-bottom:48px!important}#gspb_heading-id-gsbp-72474b2 .gsap-g-line,.gspb_text-id-gsbp-06e4592,.gspb_text-id-gsbp-06e4592 .gsap-g-line{text-align:center!important}@media (max-width:575.98px){.gspb_text-id-gsbp-06e4592{margin-bottom:0!important}}#gspb_button-id-gsbp-702f536{display:flex;justify-content:center}#gspb_button-id-gsbp-702f536 .gspb-buttonbox-text{display:flex;flex-direction:column}#gspb_button-id-gsbp-702f536>.gspb-buttonbox{box-sizing:border-box;margin-top:32px}@media (max-width:575.98px){#gspb_button-id-gsbp-702f536{justify-content:flex-end}}@media (max-width:575.98px){#gspb_button-id-gsbp-702f536>.gspb-buttonbox{margin-top:32px}}#gspb_button-id-gsbp-702f536>.gspb-buttonbox{background-color:#06c}","inline_featured_image":false,"_kad_blocks_custom_css":"","_kad_blocks_head_custom_js":"","_kad_blocks_body_custom_js":"","_kad_blocks_footer_custom_js":"","_joinchat":[],"footnotes":""},"class_list":["post-6150","page","type-page","status-publish","hentry"],"pp_statuses_selecting_workflow":false,"pp_workflow_action":"current","pp_status_selection":"publish","pp_force_visibility":null,"pp_subpost_visibility":null,"pp_inherited_force_visibility":null,"pp_inherited_subpost_visibility":null,"pp_post_mime_type":"","taxonomy_info":[],"featured_image_src_large":false,"author_info":{"display_name":"Lars Isdahl","author_link":"https:\/\/yogavoice.studio\/es\/author\/admin\/"},"comment_info":0,"publishpress_future_action":{"enabled":false,"date":"2026-04-16 01:06:31","action":"change-status","newStatus":"draft","terms":[],"taxonomy":"translation_priority","extraData":[]},"publishpress_future_workflow_manual_trigger":{"enabledWorkflows":[]},"_links":{"self":[{"href":"https:\/\/yogavoice.studio\/es\/wp-json\/wp\/v2\/pages\/6150","targetHints":{"allow":["GET"]}}],"collection":[{"href":"https:\/\/yogavoice.studio\/es\/wp-json\/wp\/v2\/pages"}],"about":[{"href":"https:\/\/yogavoice.studio\/es\/wp-json\/wp\/v2\/types\/page"}],"author":[{"embeddable":true,"href":"https:\/\/yogavoice.studio\/es\/wp-json\/wp\/v2\/users\/1"}],"replies":[{"embeddable":true,"href":"https:\/\/yogavoice.studio\/es\/wp-json\/wp\/v2\/comments?post=6150"}],"version-history":[{"count":1,"href":"https:\/\/yogavoice.studio\/es\/wp-json\/wp\/v2\/pages\/6150\/revisions"}],"predecessor-version":[{"id":9898,"href":"https:\/\/yogavoice.studio\/es\/wp-json\/wp\/v2\/pages\/6150\/revisions\/9898"}],"wp:attachment":[{"href":"https:\/\/yogavoice.studio\/es\/wp-json\/wp\/v2\/media?parent=6150"}],"curies":[{"name":"wp","href":"https:\/\/api.w.org\/{rel}","templated":true}]}}