{"id":5981,"date":"2024-09-12T15:32:42","date_gmt":"2024-09-12T13:32:42","guid":{"rendered":"https:\/\/yogavoice.studio\/book-2\/"},"modified":"2025-11-14T15:44:19","modified_gmt":"2025-11-14T14:44:19","slug":"book","status":"publish","type":"page","link":"https:\/\/yogavoice.studio\/ca\/book\/","title":{"rendered":"Reserva"},"content":{"rendered":"\n<section class=\"wp-block-greenshift-blocks-row alignfull gspb_row gspb_row-id-gsbp-3bcf481\" id=\"gspb_row-id-gsbp-3bcf481\"><div class=\"gspb_row__content\"> \n<div class=\"wp-block-greenshift-blocks-row-column gspb_row__col--12 gspb_col-id-gsbp-7c43a27\" id=\"gspb_col-id-gsbp-7c43a27\">\n<div class=\"wp-block-greenshift-blocks-row gspb_row gspb_row-id-gsbp-a0d8958\" id=\"gspb_row-id-gsbp-a0d8958\"><div class=\"gspb_row__content\"> \n<div class=\"wp-block-greenshift-blocks-row-column gspb_row__col--4 gspb_col-id-gsbp-a528a77\" id=\"gspb_col-id-gsbp-a528a77\">\n<div class=\"wp-block-greenshift-blocks-container gspb_container gspb_container-gsbp-1469839\" id=\"gspb_container-id-gsbp-1469839\">\n<h2 id=\"gspb_heading-id-gsbp-8908cc0\" class=\"gspb_heading gspb_heading-id-gsbp-8908cc0 \">Qu\u00e8 esperar<\/h2>\n\n\n\n<div class=\"wp-block-greenshift-blocks-iconlist gspb_iconsList gspb_iconsList-id-gsbp-9eaed7c\" id=\"gspb_iconsList-id-gsbp-9eaed7c\"><div class=\"gspb_iconsList__item\" data-id=\"0\"><svg class=\"\" style=\"display:inline-block;vertical-align:middle\" width=\"18\" height=\"18\" viewBox=\"0 0 1024 1024\" xmlns=\"http:\/\/www.w3.org\/2000\/svg\"><path style=\"fill:#565D66\" d=\"M871.696 166.932l-526.088 526.088-193.304-193.304c-9.372-9.372-24.568-9.372-33.942 0l-56.568 56.568c-9.372 9.372-9.372 24.568 0 33.942l266.842 266.842c9.372 9.372 24.568 9.372 33.942 0l599.626-599.626c9.372-9.372 9.372-24.568 0-33.942l-56.568-56.568c-9.372-9.372-24.568-9.372-33.94 0z\"><\/path><\/svg><span class=\"gspb_iconsList__item__text\">Selecciona la teva sessi\u00f3: Tria la sessi\u00f3 per comen\u00e7ar<\/span><\/div><div class=\"gspb_iconsList__item\" data-id=\"1\"><svg class=\"\" style=\"display:inline-block;vertical-align:middle\" width=\"18\" height=\"18\" viewBox=\"0 0 1024 1024\" xmlns=\"http:\/\/www.w3.org\/2000\/svg\"><path style=\"fill:#565D66\" d=\"M871.696 166.932l-526.088 526.088-193.304-193.304c-9.372-9.372-24.568-9.372-33.942 0l-56.568 56.568c-9.372 9.372-9.372 24.568 0 33.942l266.842 266.842c9.372 9.372 24.568 9.372 33.942 0l599.626-599.626c9.372-9.372 9.372-24.568 0-33.942l-56.568-56.568c-9.372-9.372-24.568-9.372-33.94 0z\"><\/path><\/svg><span class=\"gspb_iconsList__item__text\">Tria un horari: Troba una data i hora que et convingui al nostre calendari<\/span><\/div><div class=\"gspb_iconsList__item\" data-id=\"2\"><svg class=\"\" style=\"display:inline-block;vertical-align:middle\" width=\"18\" height=\"18\" viewBox=\"0 0 1024 1024\" xmlns=\"http:\/\/www.w3.org\/2000\/svg\"><path style=\"fill:#565D66\" d=\"M871.696 166.932l-526.088 526.088-193.304-193.304c-9.372-9.372-24.568-9.372-33.942 0l-56.568 56.568c-9.372 9.372-9.372 24.568 0 33.942l266.842 266.842c9.372 9.372 24.568 9.372 33.942 0l599.626-599.626c9.372-9.372 9.372-24.568 0-33.942l-56.568-56.568c-9.372-9.372-24.568-9.372-33.94 0z\"><\/path><\/svg><span class=\"gspb_iconsList__item__text\">Confirma i relaxa\u2019t: Rebr\u00e0s una confirmaci\u00f3 immediata despr\u00e9s de reservar i un recordatori l\u2019endem\u00e0 abans de la classe<\/span><\/div><\/div>\n<\/div>\n\n\n\n<div class=\"wp-block-greenshift-blocks-image gspb_image gspb_image-id-gsbp-ef2e358\" id=\"gspb_image-id-gsbp-ef2e358\"><img decoding=\"async\" src=\"https:\/\/yogavoice.studio\/wp-content\/uploads\/2025\/08\/img-8658-rim-light.webp\" data-src=\"\" alt=\"\" loading=\"lazy\" width=\"768\" height=\"987\"\/><\/div>\n<\/div>\n\n\n\n<div class=\"wp-block-greenshift-blocks-row-column gspb_row__col--8 gspb_col-id-gsbp-21ff023\" id=\"gspb_col-id-gsbp-21ff023\">\n<h2 id=\"gspb_heading-id-gsbp-971ee68\" class=\"gspb_heading gspb_heading-id-gsbp-971ee68 \">Reserva la teva sessi\u00f3<\/h2>\n\n\n\n<script>\n  if (typeof hasAmeliaEntitiesApiCall === 'undefined' && ('' === '' && '' !== '1')) {\n    var hasAmeliaEntitiesApiCall = true;\n  }\n  var ameliaShortcodeData = (typeof ameliaShortcodeData === 'undefined') ? [] : ameliaShortcodeData;\n  ameliaShortcodeData.push(\n    {\n      'hasApiCall': (typeof hasAmeliaEntitiesApiCall !== 'undefined') && hasAmeliaEntitiesApiCall,\n      'trigger': '',\n      'trigger_type': '',\n      'triggered_form': 'sbsNew',\n      'in_dialog': '',\n      'show': '',\n      'counter': '1000',\n      'category': '',\n      'service': '',\n      'employee': '',\n      'location': '',\n      'package': '',\n      'layout': '1',\n    }\n  );\n\n  var ameliaShortcodeDataTriggered = (typeof ameliaShortcodeDataTriggered === 'undefined') ? [] : ameliaShortcodeDataTriggered;\n  if (ameliaShortcodeData[ameliaShortcodeData.length - 1].trigger !== '') {\n    if (ameliaShortcodeDataTriggered.filter(a => a.counter === ameliaShortcodeData[ameliaShortcodeData.length - 1].counter).length === 0) {\n      ameliaShortcodeDataTriggered.push(ameliaShortcodeData.pop());\n    } else {\n      ameliaShortcodeData.pop()\n    }\n  }\n  if (typeof hasAmeliaEntitiesApiCall !== 'undefined' && hasAmeliaEntitiesApiCall) {\n    hasAmeliaEntitiesApiCall = false;\n  }\n<\/script>\n\n<div\n  id=\"amelia-v2-booking-1000\"\n  class=\"amelia-v2-booking\"\n >\n    <step-form-wrapper><\/step-form-wrapper><\/div>\n<\/div>\n <\/div><\/div>\n<\/div>\n <\/div><\/section>\n","protected":false},"excerpt":{"rendered":"","protected":false},"author":1,"featured_media":0,"parent":0,"menu_order":0,"comment_status":"closed","ping_status":"closed","template":"no-title","meta":{"_gspb_post_css":"#gspb_row-id-gsbp-3bcf481,#gspb_row-id-gsbp-a0d8958{justify-content:space-between;margin-top:0;margin-bottom:0;display:flex;flex-wrap:wrap}#gspb_row-id-gsbp-3bcf481{background-color:var(--wp--preset--color--lightbg, #cddceb21)}#gspb_row-id-gsbp-3bcf481>.gspb_row__content{display:flex;justify-content:space-between;margin:0 auto;width:100%;flex-wrap:wrap}.gspb_row{position:relative}div[id^=gspb_col-id]{box-sizing:border-box;position:relative;padding:var(--gs-row-column-padding, 15px min(3vw, 20px))}body.gspb-bodyfront #gspb_row-id-gsbp-3bcf481>.gspb_row__content,body.gspb-bodyfront #gspb_row-id-gsbp-a0d8958>.gspb_row__content{max-width:var(--wp--style--global--wide-size, 1200px)}#gspb_col-id-gsbp-7c43a27.gspb_row__col--12{width:100%}@media (max-width:575.98px){#gspb_col-id-gsbp-7c43a27.gspb_row__col--12{width:100%}}#gspb_row-id-gsbp-a0d8958{border-style:dotted;border-width:1px}#gspb_row-id-gsbp-a0d8958>.gspb_row__content{display:flex;justify-content:space-between;margin:0 auto;width:100%;flex-wrap:wrap}#gspb_row-id-gsbp-a0d8958,#gspb_row-id-gsbp-a0d8958>.gspb_backgroundOverlay{border-top-left-radius:16px;border-top-right-radius:16px;border-bottom-right-radius:16px;border-bottom-left-radius:16px}#gspb_col-id-gsbp-a528a77.gspb_row__col--4{width:33.333333333333336%}@media (max-width:575.98px){#gspb_col-id-gsbp-a528a77.gspb_row__col--4{width:100%}}.gspb_container-id-gsbp-1469839{flex-direction:column;box-sizing:border-box}#gspb_container-id-gsbp-1469839.gspb_container>p:last-of-type{margin-bottom:0}#gspb_container-id-gsbp-1469839.gspb_container{position:relative}#gspb_iconsList-id-gsbp-9eaed7c.gspb_iconsList .gspb_iconsList__item__text{margin-left:15px}#gspb_iconsList-id-gsbp-9eaed7c.gspb_iconsList .gspb_iconsList__item{display:flex;flex-direction:row;align-items:center;position:relative}#gspb_iconsList-id-gsbp-9eaed7c.gspb_iconsList .gspb_iconsList__item svg path{fill:#2184f9!important}#gspb_iconsList-id-gsbp-9eaed7c.gspb_iconsList [data-id='0'] svg,#gspb_iconsList-id-gsbp-9eaed7c.gspb_iconsList [data-id='1'] svg,#gspb_iconsList-id-gsbp-9eaed7c.gspb_iconsList [data-id='2'] svg,body #gspb_iconsList-id-gsbp-9eaed7c.gspb_iconsList .gspb_iconsList__item img,body #gspb_iconsList-id-gsbp-9eaed7c.gspb_iconsList .gspb_iconsList__item svg{margin:0!important}#gspb_image-id-gsbp-ef2e358 img{object-position:67% 24%;vertical-align:top;display:inline-block;box-sizing:border-box;max-width:100%;height:auto}#gspb_image-id-gsbp-ef2e358{margin-top:0}#gspb_col-id-gsbp-21ff023.gspb_row__col--8{width:66.66666666666667%}@media (max-width:575.98px){#gspb_col-id-gsbp-21ff023.gspb_row__col--8{width:100%}.gspb_row #gspb_col-id-gsbp-21ff023.gspb_row__col--8{padding-left:24px}}#gspb_col-id-gsbp-21ff023.gspb_row__col--8{background-color:var(--wp--preset--color--lightbg, #cddceb21);box-shadow:0 15px 25px 0 rgba(0,0,0,.1);border-style:solid;border-width:1px;border-color:var(--wp--preset--color--lightgrey, #A8B8CD)}#gspb_col-id-gsbp-21ff023.gspb_row__col--8,#gspb_col-id-gsbp-21ff023.gspb_row__col--8>.gspb_backgroundOverlay{border-top-left-radius:16px;border-top-right-radius:16px;border-bottom-right-radius:16px;border-bottom-left-radius:16px}#gspb_heading-id-gsbp-971ee68{font-size:clamp(2.2rem,4vw,2.8rem);line-height:clamp(2.75rem,4.7vw,3.5rem);text-align:center!important;margin-bottom:0}#gspb_heading-id-gsbp-971ee68 .gsap-g-line{text-align:center!important}","inline_featured_image":false,"_kad_blocks_custom_css":"","_kad_blocks_head_custom_js":"","_kad_blocks_body_custom_js":"","_kad_blocks_footer_custom_js":"","_joinchat":[],"footnotes":""},"class_list":["post-5981","page","type-page","status-publish","hentry"],"pp_statuses_selecting_workflow":false,"pp_workflow_action":"current","pp_status_selection":"publish","pp_force_visibility":null,"pp_subpost_visibility":null,"pp_inherited_force_visibility":null,"pp_inherited_subpost_visibility":null,"pp_post_mime_type":"","taxonomy_info":[],"featured_image_src_large":false,"author_info":{"display_name":"Lars Isdahl","author_link":"https:\/\/yogavoice.studio\/ca\/author\/admin\/"},"comment_info":0,"publishpress_future_action":{"enabled":false,"date":"2026-04-13 11:13:27","action":"change-status","newStatus":"draft","terms":[],"taxonomy":"translation_priority","extraData":[]},"publishpress_future_workflow_manual_trigger":{"enabledWorkflows":[]},"_links":{"self":[{"href":"https:\/\/yogavoice.studio\/ca\/wp-json\/wp\/v2\/pages\/5981","targetHints":{"allow":["GET"]}}],"collection":[{"href":"https:\/\/yogavoice.studio\/ca\/wp-json\/wp\/v2\/pages"}],"about":[{"href":"https:\/\/yogavoice.studio\/ca\/wp-json\/wp\/v2\/types\/page"}],"author":[{"embeddable":true,"href":"https:\/\/yogavoice.studio\/ca\/wp-json\/wp\/v2\/users\/1"}],"replies":[{"embeddable":true,"href":"https:\/\/yogavoice.studio\/ca\/wp-json\/wp\/v2\/comments?post=5981"}],"version-history":[{"count":0,"href":"https:\/\/yogavoice.studio\/ca\/wp-json\/wp\/v2\/pages\/5981\/revisions"}],"wp:attachment":[{"href":"https:\/\/yogavoice.studio\/ca\/wp-json\/wp\/v2\/media?parent=5981"}],"curies":[{"name":"wp","href":"https:\/\/api.w.org\/{rel}","templated":true}]}}